{"id":5700,"date":"2026-01-09T21:54:30","date_gmt":"2026-01-09T20:54:30","guid":{"rendered":"https:\/\/gastoro.com\/produkt\/blaufraenkfisch-blaufraenkisch-2019-075l-la-beverage\/"},"modified":"2026-01-09T21:54:30","modified_gmt":"2026-01-09T20:54:30","slug":"blaufraenkfisch-blaufraenkisch-2019-075l-la-beverage","status":"publish","type":"product","link":"https:\/\/gastoro.com\/en\/produkt\/blaufraenkfisch-blaufraenkisch-2019-075l-la-beverage\/","title":{"rendered":"Blaufr\u00e4nk(f)isch (Blaufr\u00e4nkisch) 2019 0,75l &#8211; LA-Beverage"},"content":{"rendered":"<p>Full-bodied and juicy: This Blaufr\u00e4nkisch, which is made from grapes from vines that are at least thirty years old, is sweet and juicy at the same time. Its harmonious fruity sweetness on the finish ensures a pleasant drinking flow. <\/p>\n","protected":false},"excerpt":{"rendered":"<p>A cooperation between Weingut Bayer and sommelier Andreas Lang.<\/p>\n","protected":false},"featured_media":2438,"comment_status":"open","ping_status":"closed","template":"","meta":[],"product_brand":[],"product_cat":[731,732,742],"product_tag":[],"class_list":{"0":"post-5700","1":"product","2":"type-product","3":"status-publish","4":"has-post-thumbnail","6":"product_cat-drinks","7":"product_cat-alcoholic-beverages","8":"product_cat-wine","10":"first","11":"instock","12":"taxable","13":"shipping-taxable","14":"purchasable","15":"product-type-simple"},"yoast_head":"<!-- This site is optimized with the Yoast SEO plugin v27.5 - https:\/\/yoast.com\/product\/yoast-seo-wordpress\/ -->\n<title>Blaufr\u00e4nk(f)isch (Blaufr\u00e4nkisch) 2019 0,75l - LA-Beverage - GASTORO - Gastronomie Online Marktplatz<\/title>\n<meta name=\"robots\" content=\"index, follow, max-snippet:-1, max-image-preview:large, max-video-preview:-1\" \/>\n<link rel=\"canonical\" href=\"https:\/\/gastoro.com\/en\/produkt\/blaufraenkfisch-blaufraenkisch-2019-075l-la-beverage\/\" \/>\n<meta property=\"og:locale\" content=\"en_US\" \/>\n<meta property=\"og:type\" content=\"article\" \/>\n<meta property=\"og:title\" content=\"Blaufr\u00e4nk(f)isch (Blaufr\u00e4nkisch) 2019 0,75l - LA-Beverage - GASTORO - Gastronomie Online Marktplatz\" \/>\n<meta property=\"og:description\" content=\"A cooperation between Weingut Bayer and sommelier Andreas Lang.\" \/>\n<meta property=\"og:url\" content=\"https:\/\/gastoro.com\/en\/produkt\/blaufraenkfisch-blaufraenkisch-2019-075l-la-beverage\/\" \/>\n<meta property=\"og:site_name\" content=\"GASTORO - Gastronomie Online Marktplatz\" \/>\n<meta property=\"og:image\" content=\"https:\/\/gastoro.com\/wp-content\/uploads\/2026\/01\/Mockup_fraenkisch-scaled.png\" \/>\n\t<meta property=\"og:image:width\" content=\"1772\" \/>\n\t<meta property=\"og:image:height\" content=\"2560\" \/>\n\t<meta property=\"og:image:type\" content=\"image\/png\" \/>\n<meta name=\"twitter:card\" content=\"summary_large_image\" \/>\n<script type=\"application\/ld+json\" class=\"yoast-schema-graph\">{\"@context\":\"https:\\\/\\\/schema.org\",\"@graph\":[{\"@type\":\"WebPage\",\"@id\":\"https:\\\/\\\/gastoro.com\\\/en\\\/produkt\\\/blaufraenkfisch-blaufraenkisch-2019-075l-la-beverage\\\/\",\"url\":\"https:\\\/\\\/gastoro.com\\\/en\\\/produkt\\\/blaufraenkfisch-blaufraenkisch-2019-075l-la-beverage\\\/\",\"name\":\"Blaufr\u00e4nk(f)isch (Blaufr\u00e4nkisch) 2019 0,75l - LA-Beverage - GASTORO - Gastronomie Online Marktplatz\",\"isPartOf\":{\"@id\":\"https:\\\/\\\/gastoro.com\\\/en\\\/#website\"},\"primaryImageOfPage\":{\"@id\":\"https:\\\/\\\/gastoro.com\\\/en\\\/produkt\\\/blaufraenkfisch-blaufraenkisch-2019-075l-la-beverage\\\/#primaryimage\"},\"image\":{\"@id\":\"https:\\\/\\\/gastoro.com\\\/en\\\/produkt\\\/blaufraenkfisch-blaufraenkisch-2019-075l-la-beverage\\\/#primaryimage\"},\"thumbnailUrl\":\"https:\\\/\\\/gastoro.com\\\/wp-content\\\/uploads\\\/2026\\\/01\\\/Mockup_fraenkisch-scaled.png\",\"datePublished\":\"2026-01-09T20:54:30+00:00\",\"breadcrumb\":{\"@id\":\"https:\\\/\\\/gastoro.com\\\/en\\\/produkt\\\/blaufraenkfisch-blaufraenkisch-2019-075l-la-beverage\\\/#breadcrumb\"},\"inLanguage\":\"en-US\",\"potentialAction\":[{\"@type\":\"ReadAction\",\"target\":[\"https:\\\/\\\/gastoro.com\\\/en\\\/produkt\\\/blaufraenkfisch-blaufraenkisch-2019-075l-la-beverage\\\/\"]}]},{\"@type\":\"ImageObject\",\"inLanguage\":\"en-US\",\"@id\":\"https:\\\/\\\/gastoro.com\\\/en\\\/produkt\\\/blaufraenkfisch-blaufraenkisch-2019-075l-la-beverage\\\/#primaryimage\",\"url\":\"https:\\\/\\\/gastoro.com\\\/wp-content\\\/uploads\\\/2026\\\/01\\\/Mockup_fraenkisch-scaled.png\",\"contentUrl\":\"https:\\\/\\\/gastoro.com\\\/wp-content\\\/uploads\\\/2026\\\/01\\\/Mockup_fraenkisch-scaled.png\",\"width\":1772,\"height\":2560},{\"@type\":\"BreadcrumbList\",\"@id\":\"https:\\\/\\\/gastoro.com\\\/en\\\/produkt\\\/blaufraenkfisch-blaufraenkisch-2019-075l-la-beverage\\\/#breadcrumb\",\"itemListElement\":[{\"@type\":\"ListItem\",\"position\":1,\"name\":\"Startseite\",\"item\":\"https:\\\/\\\/gastoro.com\\\/en\\\/\"},{\"@type\":\"ListItem\",\"position\":2,\"name\":\"Shop\",\"item\":\"https:\\\/\\\/gastoro.com\\\/en\\\/shop\\\/\"},{\"@type\":\"ListItem\",\"position\":3,\"name\":\"Blaufr\u00e4nk(f)isch (Blaufr\u00e4nkisch) 2019 0,75l &#8211; LA-Beverage\"}]},{\"@type\":\"WebSite\",\"@id\":\"https:\\\/\\\/gastoro.com\\\/en\\\/#website\",\"url\":\"https:\\\/\\\/gastoro.com\\\/en\\\/\",\"name\":\"GASTORO - Gastronomie Online Marktplatz\",\"description\":\"\",\"publisher\":{\"@id\":\"https:\\\/\\\/gastoro.com\\\/en\\\/#organization\"},\"potentialAction\":[{\"@type\":\"SearchAction\",\"target\":{\"@type\":\"EntryPoint\",\"urlTemplate\":\"https:\\\/\\\/gastoro.com\\\/en\\\/?s={search_term_string}\"},\"query-input\":{\"@type\":\"PropertyValueSpecification\",\"valueRequired\":true,\"valueName\":\"search_term_string\"}}],\"inLanguage\":\"en-US\"},{\"@type\":\"Organization\",\"@id\":\"https:\\\/\\\/gastoro.com\\\/en\\\/#organization\",\"name\":\"GASTORO - Gastronomie Online Marktplatz\",\"url\":\"https:\\\/\\\/gastoro.com\\\/en\\\/\",\"logo\":{\"@type\":\"ImageObject\",\"inLanguage\":\"en-US\",\"@id\":\"https:\\\/\\\/gastoro.com\\\/en\\\/#\\\/schema\\\/logo\\\/image\\\/\",\"url\":\"https:\\\/\\\/gastoro.com\\\/wp-content\\\/uploads\\\/2025\\\/10\\\/GASTOROclaim_4c.png\",\"contentUrl\":\"https:\\\/\\\/gastoro.com\\\/wp-content\\\/uploads\\\/2025\\\/10\\\/GASTOROclaim_4c.png\",\"width\":2362,\"height\":710,\"caption\":\"GASTORO - Gastronomie Online Marktplatz\"},\"image\":{\"@id\":\"https:\\\/\\\/gastoro.com\\\/en\\\/#\\\/schema\\\/logo\\\/image\\\/\"}}]}<\/script>\n<!-- \/ Yoast SEO plugin. -->","yoast_head_json":{"title":"Blaufr\u00e4nk(f)isch (Blaufr\u00e4nkisch) 2019 0,75l - LA-Beverage - GASTORO - Gastronomie Online Marktplatz","robots":{"index":"index","follow":"follow","max-snippet":"max-snippet:-1","max-image-preview":"max-image-preview:large","max-video-preview":"max-video-preview:-1"},"canonical":"https:\/\/gastoro.com\/en\/produkt\/blaufraenkfisch-blaufraenkisch-2019-075l-la-beverage\/","og_locale":"en_US","og_type":"article","og_title":"Blaufr\u00e4nk(f)isch (Blaufr\u00e4nkisch) 2019 0,75l - LA-Beverage - GASTORO - Gastronomie Online Marktplatz","og_description":"A cooperation between Weingut Bayer and sommelier Andreas Lang.","og_url":"https:\/\/gastoro.com\/en\/produkt\/blaufraenkfisch-blaufraenkisch-2019-075l-la-beverage\/","og_site_name":"GASTORO - Gastronomie Online Marktplatz","og_image":[{"width":1772,"height":2560,"url":"https:\/\/gastoro.com\/wp-content\/uploads\/2026\/01\/Mockup_fraenkisch-scaled.png","type":"image\/png"}],"twitter_card":"summary_large_image","schema":{"@context":"https:\/\/schema.org","@graph":[{"@type":"WebPage","@id":"https:\/\/gastoro.com\/en\/produkt\/blaufraenkfisch-blaufraenkisch-2019-075l-la-beverage\/","url":"https:\/\/gastoro.com\/en\/produkt\/blaufraenkfisch-blaufraenkisch-2019-075l-la-beverage\/","name":"Blaufr\u00e4nk(f)isch (Blaufr\u00e4nkisch) 2019 0,75l - LA-Beverage - GASTORO - Gastronomie Online Marktplatz","isPartOf":{"@id":"https:\/\/gastoro.com\/en\/#website"},"primaryImageOfPage":{"@id":"https:\/\/gastoro.com\/en\/produkt\/blaufraenkfisch-blaufraenkisch-2019-075l-la-beverage\/#primaryimage"},"image":{"@id":"https:\/\/gastoro.com\/en\/produkt\/blaufraenkfisch-blaufraenkisch-2019-075l-la-beverage\/#primaryimage"},"thumbnailUrl":"https:\/\/gastoro.com\/wp-content\/uploads\/2026\/01\/Mockup_fraenkisch-scaled.png","datePublished":"2026-01-09T20:54:30+00:00","breadcrumb":{"@id":"https:\/\/gastoro.com\/en\/produkt\/blaufraenkfisch-blaufraenkisch-2019-075l-la-beverage\/#breadcrumb"},"inLanguage":"en-US","potentialAction":[{"@type":"ReadAction","target":["https:\/\/gastoro.com\/en\/produkt\/blaufraenkfisch-blaufraenkisch-2019-075l-la-beverage\/"]}]},{"@type":"ImageObject","inLanguage":"en-US","@id":"https:\/\/gastoro.com\/en\/produkt\/blaufraenkfisch-blaufraenkisch-2019-075l-la-beverage\/#primaryimage","url":"https:\/\/gastoro.com\/wp-content\/uploads\/2026\/01\/Mockup_fraenkisch-scaled.png","contentUrl":"https:\/\/gastoro.com\/wp-content\/uploads\/2026\/01\/Mockup_fraenkisch-scaled.png","width":1772,"height":2560},{"@type":"BreadcrumbList","@id":"https:\/\/gastoro.com\/en\/produkt\/blaufraenkfisch-blaufraenkisch-2019-075l-la-beverage\/#breadcrumb","itemListElement":[{"@type":"ListItem","position":1,"name":"Startseite","item":"https:\/\/gastoro.com\/en\/"},{"@type":"ListItem","position":2,"name":"Shop","item":"https:\/\/gastoro.com\/en\/shop\/"},{"@type":"ListItem","position":3,"name":"Blaufr\u00e4nk(f)isch (Blaufr\u00e4nkisch) 2019 0,75l &#8211; LA-Beverage"}]},{"@type":"WebSite","@id":"https:\/\/gastoro.com\/en\/#website","url":"https:\/\/gastoro.com\/en\/","name":"GASTORO - Gastronomie Online Marktplatz","description":"","publisher":{"@id":"https:\/\/gastoro.com\/en\/#organization"},"potentialAction":[{"@type":"SearchAction","target":{"@type":"EntryPoint","urlTemplate":"https:\/\/gastoro.com\/en\/?s={search_term_string}"},"query-input":{"@type":"PropertyValueSpecification","valueRequired":true,"valueName":"search_term_string"}}],"inLanguage":"en-US"},{"@type":"Organization","@id":"https:\/\/gastoro.com\/en\/#organization","name":"GASTORO - Gastronomie Online Marktplatz","url":"https:\/\/gastoro.com\/en\/","logo":{"@type":"ImageObject","inLanguage":"en-US","@id":"https:\/\/gastoro.com\/en\/#\/schema\/logo\/image\/","url":"https:\/\/gastoro.com\/wp-content\/uploads\/2025\/10\/GASTOROclaim_4c.png","contentUrl":"https:\/\/gastoro.com\/wp-content\/uploads\/2025\/10\/GASTOROclaim_4c.png","width":2362,"height":710,"caption":"GASTORO - Gastronomie Online Marktplatz"},"image":{"@id":"https:\/\/gastoro.com\/en\/#\/schema\/logo\/image\/"}}]}},"_links":{"self":[{"href":"https:\/\/gastoro.com\/en\/wp-json\/wp\/v2\/product\/5700","targetHints":{"allow":["GET"]}}],"collection":[{"href":"https:\/\/gastoro.com\/en\/wp-json\/wp\/v2\/product"}],"about":[{"href":"https:\/\/gastoro.com\/en\/wp-json\/wp\/v2\/types\/product"}],"replies":[{"embeddable":true,"href":"https:\/\/gastoro.com\/en\/wp-json\/wp\/v2\/comments?post=5700"}],"version-history":[{"count":0,"href":"https:\/\/gastoro.com\/en\/wp-json\/wp\/v2\/product\/5700\/revisions"}],"wp:featuredmedia":[{"embeddable":true,"href":"https:\/\/gastoro.com\/en\/wp-json\/wp\/v2\/media\/2438"}],"wp:attachment":[{"href":"https:\/\/gastoro.com\/en\/wp-json\/wp\/v2\/media?parent=5700"}],"wp:term":[{"taxonomy":"product_brand","embeddable":true,"href":"https:\/\/gastoro.com\/en\/wp-json\/wp\/v2\/product_brand?post=5700"},{"taxonomy":"product_cat","embeddable":true,"href":"https:\/\/gastoro.com\/en\/wp-json\/wp\/v2\/product_cat?post=5700"},{"taxonomy":"product_tag","embeddable":true,"href":"https:\/\/gastoro.com\/en\/wp-json\/wp\/v2\/product_tag?post=5700"}],"curies":[{"name":"wp","href":"https:\/\/api.w.org\/{rel}","templated":true}]}}