{"id":7979,"date":"2026-05-06T15:07:35","date_gmt":"2026-05-06T13:07:35","guid":{"rendered":"https:\/\/gastoro.com\/produkt\/wine-and-beer-fridge-combi-package-90-stainless\/"},"modified":"2026-05-06T15:07:35","modified_gmt":"2026-05-06T13:07:35","slug":"wine-and-beer-fridge-combi-package-90-stainless","status":"publish","type":"product","link":"https:\/\/gastoro.com\/en\/produkt\/wine-and-beer-fridge-combi-package-90-stainless\/","title":{"rendered":"Wine and beer fridge combi package 90 Stainless"},"content":{"rendered":"<p>We now offer a combination package consisting of a built-in wine fridge from mQuv\u00e8e and a built-in beer fridge. The package allows you to chill both beer and wine to the perfect serving temperature &#8211; without having to compromise! The wine and beer fridge are two separate appliances that can be installed side by side.  <\/p>\n<p>Would you like a different combination\/width? Do not hesitate to contact us! <\/p>\n<p><b>Specification Wine refrigerator &#8211; mQuv\u00e9e &#8211; WineCave 700 50D Stainless:<\/b><b><br \/>\n<\/b>&#8211; 2 adjustable temperature zones (5-20 \u00b0C)<br \/>\n&#8211; 5 pull-out wooden shelves (beech wood)<br \/>\n&#8211; Anti-UV glass door<br \/>\n&#8211; Winter safety system<br \/>\n&#8211; Carbon filter<br \/>\n&#8211; Water tank for additional humidity regulation<br \/>\n&#8211; Internal LED lighting with ON\/OFF switch (white)<br \/>\n&#8211; Electronic display (white)<br \/>\n&#8211; Space for 38 bottles<br \/>\n&#8211; Annual energy consumption: 102 kWh<br \/>\n&#8211; Power: 100 W<br \/>\n&#8211; Climate marking: SN-ST<br \/>\n&#8211; Energy efficiency class: F<br \/>\n&#8211; Weight: 43 kg<br \/>\nSpecification Beer fridge &#8211; mQuv\u00e9e BeerServer 40 Stainless:<\/p>\n<p>&#8211; Capacity: 103 liters (space for approx. 84 cans of 33.5 cl or 69 bottles of 33 cl)<br \/>\n&#8211; 1 temperature zone ( &#8211; 4 \/ + 6\u00b0 C)<br \/>\n&#8211; Glass door with UV protection, door hinge right (interchangeable)<br \/>\n&#8211; 3 adjustable metal shelves<br \/>\n&#8211; LED lighting<br \/>\n&#8211; Annual consumption: 204 kWh<br \/>\n&#8211; Energy efficiency class C<br \/>\n<b><br \/>\nGet up to 5 years guarantee when you choose a wine fridge or wine cabinet from mQuv\u00e9e!<br \/>\nmQuv\u00e9e is proud of its carefully developed range and always strives to offer durable and reliable products. The high-quality wine refrigerators from mQuv\u00e9e come with up to 5 years warranty*. You can find more information about the warranty conditions in the <u>documents tab<\/u>.  <\/b><\/p>\n<div class=\"dieweinlageristen-at lorem-ipsum-cms tabbed-card-tabitem product-specification active card-header\" role=\"button\">\n<h2>Specifications<\/h2>\n<\/div>\n<div class=\"collapse show\">\n<div class=\"card-body\">\n<div class=\"table-responsive\">\n<table class=\"dieweinlageristen-at lorem-ipsum-cms grouped-list px-1 table table-sm table-borderless table-hover\">\n<tbody>\n<tr class=\"dieweinlageristen-at lorem-ipsum-cms grouped-list-item\">\n<td>Push Pull<\/td>\n<td><\/td>\n<\/tr>\n<tr class=\"dieweinlageristen-at lorem-ipsum-cms grouped-list-item\">\n<td>Product type<\/td>\n<td>Built-in wine refrigerator<\/td>\n<\/tr>\n<tr class=\"dieweinlageristen-at lorem-ipsum-cms grouped-list-item\">\n<td>Hole spacing (mm)<\/td>\n<td>320<\/td>\n<\/tr>\n<tr class=\"dieweinlageristen-at lorem-ipsum-cms grouped-list-item\">\n<td>Color<\/td>\n<td>Stainless steel<\/td>\n<\/tr>\n<tr class=\"dieweinlageristen-at lorem-ipsum-cms grouped-list-item\">\n<td>Shelves<\/td>\n<td>Metal | wood<\/td>\n<\/tr>\n<tr class=\"dieweinlageristen-at lorem-ipsum-cms grouped-list-item\">\n<td>Display color<\/td>\n<td>White<\/td>\n<\/tr>\n<tr class=\"dieweinlageristen-at lorem-ipsum-cms grouped-list-item\">\n<td>Interior lighting<\/td>\n<td>White<\/td>\n<\/tr>\n<tr class=\"dieweinlageristen-at lorem-ipsum-cms grouped-list-item\">\n<td>Carpet pad<\/td>\n<td>Adjustable feet<\/td>\n<\/tr>\n<tr class=\"dieweinlageristen-at lorem-ipsum-cms grouped-list-item\">\n<td>Adjustment height of the feet (cm)<\/td>\n<td>8<\/td>\n<\/tr>\n<tr class=\"dieweinlageristen-at lorem-ipsum-cms grouped-list-item\">\n<td>Cooling system<\/td>\n<td>Compressor<\/td>\n<\/tr>\n<tr class=\"dieweinlageristen-at lorem-ipsum-cms grouped-list-item\">\n<td>Temperature alarm<\/td>\n<td><\/td>\n<\/tr>\n<tr class=\"dieweinlageristen-at lorem-ipsum-cms grouped-list-item\">\n<td>Door with UV protection<\/td>\n<td><\/td>\n<\/tr>\n<tr class=\"dieweinlageristen-at lorem-ipsum-cms grouped-list-item\">\n<td>Door hinge changeable<\/td>\n<td><\/td>\n<\/tr>\n<tr class=\"dieweinlageristen-at lorem-ipsum-cms grouped-list-item\">\n<td>Door type<\/td>\n<td>Glass door<\/td>\n<\/tr>\n<tr class=\"dieweinlageristen-at lorem-ipsum-cms grouped-list-item\">\n<td>Door height<\/td>\n<td>700<\/td>\n<\/tr>\n<tr class=\"dieweinlageristen-at lorem-ipsum-cms grouped-list-item\">\n<td>Electronic display<\/td>\n<td><\/td>\n<\/tr>\n<tr class=\"dieweinlageristen-at lorem-ipsum-cms grouped-list-item\">\n<td>Brand<\/td>\n<td><a class=\"dieweinlageristen-at lorem-ipsum-cms router-link px-0 d-inline\" title=\"mQuv\u00e9e\" href=\"https:\/\/www.dieweinlageristen.at\/product-brand\/mquvee\" aria-label=\"mQuv\u00e9e\">mQuv\u00e9e<\/a><\/td>\n<\/tr>\n<tr class=\"dieweinlageristen-at lorem-ipsum-cms grouped-list-item\">\n<td>Voltage (V)<\/td>\n<td>220-240<\/td>\n<\/tr>\n<tr class=\"dieweinlageristen-at lorem-ipsum-cms grouped-list-item\">\n<td>Gross weight (kg)<\/td>\n<td>80<\/td>\n<\/tr>\n<tr class=\"dieweinlageristen-at lorem-ipsum-cms grouped-list-item\">\n<td>Net weight (kg)<\/td>\n<td>75<\/td>\n<\/tr>\n<tr class=\"dieweinlageristen-at lorem-ipsum-cms grouped-list-item\">\n<td>Width (cm)<\/td>\n<td>89<\/td>\n<\/tr>\n<tr class=\"dieweinlageristen-at lorem-ipsum-cms grouped-list-item\">\n<td>Height (cm)<\/td>\n<td>82<\/td>\n<\/tr>\n<tr class=\"dieweinlageristen-at lorem-ipsum-cms grouped-list-item\">\n<td>Max. Height (cm)<\/td>\n<td>89<\/td>\n<\/tr>\n<tr class=\"dieweinlageristen-at lorem-ipsum-cms grouped-list-item\">\n<td>Depth (cm)<\/td>\n<td>57<\/td>\n<\/tr>\n<tr class=\"dieweinlageristen-at lorem-ipsum-cms grouped-list-item\">\n<td>Supplier information<\/td>\n<td>mQuv\u00e9e; Havsbadsv\u00e4gen 1, 262 63 \u00c4ngelholm, Sweden; info@mquvee.com<\/td>\n<\/tr>\n<tr class=\"dieweinlageristen-at lorem-ipsum-cms grouped-list-item\">\n<td>Item number<\/td>\n<td>PACKAGE PRODUCT<\/td>\n<\/tr>\n<tr class=\"dieweinlageristen-at lorem-ipsum-cms grouped-list-item\">\n<td>Warranty period<\/td>\n<td>5 years<\/td>\n<\/tr>\n<\/tbody>\n<\/table>\n<\/div>\n<div class=\"dieweinlageristen-at lorem-ipsum-cms title-text-container-title product-brand-container-text row\">\n<div class=\"col\">\n<h3>Brand: mQuv\u00e9e<\/h3>\n<\/div>\n<\/div>\n<div class=\"dieweinlageristen-at lorem-ipsum-cms title-text-container-text product-brand-container-text row\">\n<div class=\"col\">The European brand mQuv\u00e9e has specialized in wine and its storage for many years. For mQuv\u00e9e, it is incredibly important that wines receive the storage conditions they deserve once they leave the winery. The wine fridges are therefore designed to maintain optimal storage conditions for your wines. mQuv\u00e9e&#8217;s wine fridges and wine storage cabinets are all equipped with a glass door with UV protection, compressor cooling and wooden shelves so that the bottles are stable and do not vibrate. A good wine deserves to be stored in a wine refrigerator from mQuv\u00e9e.    <\/div>\n<div><\/div>\n<\/div>\n<div><strong>Inspiration &amp; guide<\/strong><\/div>\n<\/div>\n<div>Unsure which wine fridge or wine climate cabinet is right for you? Use our <a class=\"dieweinlageristen-at lorem-ipsum-cms router-link escaped-router-link px-0 d-inline\" href=\"https:\/\/www.dieweinlageristen.at\/kaufratgeber\" aria-label=\"\/kaufratgeber\">buying guide<\/a>, where we go through everything you need to know about buying a wine cabinet &#8211; from the five golden rules of wine storage to the different types of wine fridges and wine climate cabinets available on the market today. You&#8217;ll also find answers to frequently asked questions. For a smooth installation, take a look at our <a class=\"dieweinlageristen-at lorem-ipsum-cms router-link escaped-router-link px-0 d-inline\" href=\"https:\/\/www.dieweinlageristen.at\/montage\" aria-label=\"\/montage\">installation guide<\/a>. Information on delivery, warranty and payment options can be found in our <a class=\"dieweinlageristen-at lorem-ipsum-cms router-link escaped-router-link px-0 d-inline\" href=\"https:\/\/www.dieweinlageristen.at\/agb\" aria-label=\"\/agb\">terms and conditions<\/a>.    <\/div>\n<\/div>\n","protected":false},"excerpt":{"rendered":"<p>A unique package offer for all those who like both wine and beer!<\/p>\n","protected":false},"featured_media":7252,"comment_status":"open","ping_status":"closed","template":"","meta":[],"product_brand":[],"product_cat":[720,745,746],"product_tag":[],"class_list":{"0":"post-7979","1":"product","2":"type-product","3":"status-publish","4":"has-post-thumbnail","6":"product_cat-kitchens-bar-equipment","7":"product_cat-kitchen-appliances-machines","8":"product_cat-cooling-technology","10":"first","11":"instock","12":"taxable","13":"shipping-taxable","14":"purchasable","15":"product-type-variable"},"yoast_head":"<!-- This site is optimized with the Yoast SEO plugin v27.5 - https:\/\/yoast.com\/product\/yoast-seo-wordpress\/ -->\n<title>Wine and beer fridge combi package 90 Stainless - GASTORO - Gastronomie Online Marktplatz<\/title>\n<meta name=\"robots\" content=\"index, follow, max-snippet:-1, max-image-preview:large, max-video-preview:-1\" \/>\n<link rel=\"canonical\" href=\"https:\/\/gastoro.com\/en\/produkt\/wine-and-beer-fridge-combi-package-90-stainless\/\" \/>\n<meta property=\"og:locale\" content=\"en_US\" \/>\n<meta property=\"og:type\" content=\"article\" \/>\n<meta property=\"og:title\" content=\"Wine and beer fridge combi package 90 Stainless - GASTORO - Gastronomie Online Marktplatz\" \/>\n<meta property=\"og:description\" content=\"A unique package offer for all those who like both wine and beer!\" \/>\n<meta property=\"og:url\" content=\"https:\/\/gastoro.com\/en\/produkt\/wine-and-beer-fridge-combi-package-90-stainless\/\" \/>\n<meta property=\"og:site_name\" content=\"GASTORO - Gastronomie Online Marktplatz\" \/>\n<meta property=\"og:image\" content=\"https:\/\/gastoro.com\/wp-content\/uploads\/2026\/05\/cropped-wein-und-bierkuhlschrank-kombipaket-90-anthracite-black-1.png\" \/>\n\t<meta property=\"og:image:width\" content=\"625\" \/>\n\t<meta property=\"og:image:height\" content=\"515\" \/>\n\t<meta property=\"og:image:type\" content=\"image\/png\" \/>\n<meta name=\"twitter:card\" content=\"summary_large_image\" \/>\n<meta name=\"twitter:label1\" content=\"Est. reading time\" \/>\n\t<meta name=\"twitter:data1\" content=\"3 minutes\" \/>\n<script type=\"application\/ld+json\" class=\"yoast-schema-graph\">{\"@context\":\"https:\\\/\\\/schema.org\",\"@graph\":[{\"@type\":\"WebPage\",\"@id\":\"https:\\\/\\\/gastoro.com\\\/en\\\/produkt\\\/wine-and-beer-fridge-combi-package-90-stainless\\\/\",\"url\":\"https:\\\/\\\/gastoro.com\\\/en\\\/produkt\\\/wine-and-beer-fridge-combi-package-90-stainless\\\/\",\"name\":\"Wine and beer fridge combi package 90 Stainless - GASTORO - Gastronomie Online Marktplatz\",\"isPartOf\":{\"@id\":\"https:\\\/\\\/gastoro.com\\\/en\\\/#website\"},\"primaryImageOfPage\":{\"@id\":\"https:\\\/\\\/gastoro.com\\\/en\\\/produkt\\\/wine-and-beer-fridge-combi-package-90-stainless\\\/#primaryimage\"},\"image\":{\"@id\":\"https:\\\/\\\/gastoro.com\\\/en\\\/produkt\\\/wine-and-beer-fridge-combi-package-90-stainless\\\/#primaryimage\"},\"thumbnailUrl\":\"https:\\\/\\\/gastoro.com\\\/wp-content\\\/uploads\\\/2026\\\/05\\\/cropped-wein-und-bierkuhlschrank-kombipaket-90-anthracite-black-1.png\",\"datePublished\":\"2026-05-06T13:07:35+00:00\",\"breadcrumb\":{\"@id\":\"https:\\\/\\\/gastoro.com\\\/en\\\/produkt\\\/wine-and-beer-fridge-combi-package-90-stainless\\\/#breadcrumb\"},\"inLanguage\":\"en-US\",\"potentialAction\":[{\"@type\":\"ReadAction\",\"target\":[\"https:\\\/\\\/gastoro.com\\\/en\\\/produkt\\\/wine-and-beer-fridge-combi-package-90-stainless\\\/\"]}]},{\"@type\":\"ImageObject\",\"inLanguage\":\"en-US\",\"@id\":\"https:\\\/\\\/gastoro.com\\\/en\\\/produkt\\\/wine-and-beer-fridge-combi-package-90-stainless\\\/#primaryimage\",\"url\":\"https:\\\/\\\/gastoro.com\\\/wp-content\\\/uploads\\\/2026\\\/05\\\/cropped-wein-und-bierkuhlschrank-kombipaket-90-anthracite-black-1.png\",\"contentUrl\":\"https:\\\/\\\/gastoro.com\\\/wp-content\\\/uploads\\\/2026\\\/05\\\/cropped-wein-und-bierkuhlschrank-kombipaket-90-anthracite-black-1.png\",\"width\":625,\"height\":515},{\"@type\":\"BreadcrumbList\",\"@id\":\"https:\\\/\\\/gastoro.com\\\/en\\\/produkt\\\/wine-and-beer-fridge-combi-package-90-stainless\\\/#breadcrumb\",\"itemListElement\":[{\"@type\":\"ListItem\",\"position\":1,\"name\":\"Startseite\",\"item\":\"https:\\\/\\\/gastoro.com\\\/en\\\/\"},{\"@type\":\"ListItem\",\"position\":2,\"name\":\"Shop\",\"item\":\"https:\\\/\\\/gastoro.com\\\/en\\\/shop\\\/\"},{\"@type\":\"ListItem\",\"position\":3,\"name\":\"Wine and beer fridge combi package 90 Stainless\"}]},{\"@type\":\"WebSite\",\"@id\":\"https:\\\/\\\/gastoro.com\\\/en\\\/#website\",\"url\":\"https:\\\/\\\/gastoro.com\\\/en\\\/\",\"name\":\"GASTORO - Gastronomie Online Marktplatz\",\"description\":\"\",\"publisher\":{\"@id\":\"https:\\\/\\\/gastoro.com\\\/en\\\/#organization\"},\"potentialAction\":[{\"@type\":\"SearchAction\",\"target\":{\"@type\":\"EntryPoint\",\"urlTemplate\":\"https:\\\/\\\/gastoro.com\\\/en\\\/?s={search_term_string}\"},\"query-input\":{\"@type\":\"PropertyValueSpecification\",\"valueRequired\":true,\"valueName\":\"search_term_string\"}}],\"inLanguage\":\"en-US\"},{\"@type\":\"Organization\",\"@id\":\"https:\\\/\\\/gastoro.com\\\/en\\\/#organization\",\"name\":\"GASTORO - Gastronomie Online Marktplatz\",\"url\":\"https:\\\/\\\/gastoro.com\\\/en\\\/\",\"logo\":{\"@type\":\"ImageObject\",\"inLanguage\":\"en-US\",\"@id\":\"https:\\\/\\\/gastoro.com\\\/en\\\/#\\\/schema\\\/logo\\\/image\\\/\",\"url\":\"https:\\\/\\\/gastoro.com\\\/wp-content\\\/uploads\\\/2025\\\/10\\\/GASTOROclaim_4c.png\",\"contentUrl\":\"https:\\\/\\\/gastoro.com\\\/wp-content\\\/uploads\\\/2025\\\/10\\\/GASTOROclaim_4c.png\",\"width\":2362,\"height\":710,\"caption\":\"GASTORO - Gastronomie Online Marktplatz\"},\"image\":{\"@id\":\"https:\\\/\\\/gastoro.com\\\/en\\\/#\\\/schema\\\/logo\\\/image\\\/\"}}]}<\/script>\n<!-- \/ Yoast SEO plugin. -->","yoast_head_json":{"title":"Wine and beer fridge combi package 90 Stainless - GASTORO - Gastronomie Online Marktplatz","robots":{"index":"index","follow":"follow","max-snippet":"max-snippet:-1","max-image-preview":"max-image-preview:large","max-video-preview":"max-video-preview:-1"},"canonical":"https:\/\/gastoro.com\/en\/produkt\/wine-and-beer-fridge-combi-package-90-stainless\/","og_locale":"en_US","og_type":"article","og_title":"Wine and beer fridge combi package 90 Stainless - GASTORO - Gastronomie Online Marktplatz","og_description":"A unique package offer for all those who like both wine and beer!","og_url":"https:\/\/gastoro.com\/en\/produkt\/wine-and-beer-fridge-combi-package-90-stainless\/","og_site_name":"GASTORO - Gastronomie Online Marktplatz","og_image":[{"width":625,"height":515,"url":"https:\/\/gastoro.com\/wp-content\/uploads\/2026\/05\/cropped-wein-und-bierkuhlschrank-kombipaket-90-anthracite-black-1.png","type":"image\/png"}],"twitter_card":"summary_large_image","twitter_misc":{"Est. reading time":"3 minutes"},"schema":{"@context":"https:\/\/schema.org","@graph":[{"@type":"WebPage","@id":"https:\/\/gastoro.com\/en\/produkt\/wine-and-beer-fridge-combi-package-90-stainless\/","url":"https:\/\/gastoro.com\/en\/produkt\/wine-and-beer-fridge-combi-package-90-stainless\/","name":"Wine and beer fridge combi package 90 Stainless - GASTORO - Gastronomie Online Marktplatz","isPartOf":{"@id":"https:\/\/gastoro.com\/en\/#website"},"primaryImageOfPage":{"@id":"https:\/\/gastoro.com\/en\/produkt\/wine-and-beer-fridge-combi-package-90-stainless\/#primaryimage"},"image":{"@id":"https:\/\/gastoro.com\/en\/produkt\/wine-and-beer-fridge-combi-package-90-stainless\/#primaryimage"},"thumbnailUrl":"https:\/\/gastoro.com\/wp-content\/uploads\/2026\/05\/cropped-wein-und-bierkuhlschrank-kombipaket-90-anthracite-black-1.png","datePublished":"2026-05-06T13:07:35+00:00","breadcrumb":{"@id":"https:\/\/gastoro.com\/en\/produkt\/wine-and-beer-fridge-combi-package-90-stainless\/#breadcrumb"},"inLanguage":"en-US","potentialAction":[{"@type":"ReadAction","target":["https:\/\/gastoro.com\/en\/produkt\/wine-and-beer-fridge-combi-package-90-stainless\/"]}]},{"@type":"ImageObject","inLanguage":"en-US","@id":"https:\/\/gastoro.com\/en\/produkt\/wine-and-beer-fridge-combi-package-90-stainless\/#primaryimage","url":"https:\/\/gastoro.com\/wp-content\/uploads\/2026\/05\/cropped-wein-und-bierkuhlschrank-kombipaket-90-anthracite-black-1.png","contentUrl":"https:\/\/gastoro.com\/wp-content\/uploads\/2026\/05\/cropped-wein-und-bierkuhlschrank-kombipaket-90-anthracite-black-1.png","width":625,"height":515},{"@type":"BreadcrumbList","@id":"https:\/\/gastoro.com\/en\/produkt\/wine-and-beer-fridge-combi-package-90-stainless\/#breadcrumb","itemListElement":[{"@type":"ListItem","position":1,"name":"Startseite","item":"https:\/\/gastoro.com\/en\/"},{"@type":"ListItem","position":2,"name":"Shop","item":"https:\/\/gastoro.com\/en\/shop\/"},{"@type":"ListItem","position":3,"name":"Wine and beer fridge combi package 90 Stainless"}]},{"@type":"WebSite","@id":"https:\/\/gastoro.com\/en\/#website","url":"https:\/\/gastoro.com\/en\/","name":"GASTORO - Gastronomie Online Marktplatz","description":"","publisher":{"@id":"https:\/\/gastoro.com\/en\/#organization"},"potentialAction":[{"@type":"SearchAction","target":{"@type":"EntryPoint","urlTemplate":"https:\/\/gastoro.com\/en\/?s={search_term_string}"},"query-input":{"@type":"PropertyValueSpecification","valueRequired":true,"valueName":"search_term_string"}}],"inLanguage":"en-US"},{"@type":"Organization","@id":"https:\/\/gastoro.com\/en\/#organization","name":"GASTORO - Gastronomie Online Marktplatz","url":"https:\/\/gastoro.com\/en\/","logo":{"@type":"ImageObject","inLanguage":"en-US","@id":"https:\/\/gastoro.com\/en\/#\/schema\/logo\/image\/","url":"https:\/\/gastoro.com\/wp-content\/uploads\/2025\/10\/GASTOROclaim_4c.png","contentUrl":"https:\/\/gastoro.com\/wp-content\/uploads\/2025\/10\/GASTOROclaim_4c.png","width":2362,"height":710,"caption":"GASTORO - Gastronomie Online Marktplatz"},"image":{"@id":"https:\/\/gastoro.com\/en\/#\/schema\/logo\/image\/"}}]}},"_links":{"self":[{"href":"https:\/\/gastoro.com\/en\/wp-json\/wp\/v2\/product\/7979","targetHints":{"allow":["GET"]}}],"collection":[{"href":"https:\/\/gastoro.com\/en\/wp-json\/wp\/v2\/product"}],"about":[{"href":"https:\/\/gastoro.com\/en\/wp-json\/wp\/v2\/types\/product"}],"replies":[{"embeddable":true,"href":"https:\/\/gastoro.com\/en\/wp-json\/wp\/v2\/comments?post=7979"}],"version-history":[{"count":0,"href":"https:\/\/gastoro.com\/en\/wp-json\/wp\/v2\/product\/7979\/revisions"}],"wp:featuredmedia":[{"embeddable":true,"href":"https:\/\/gastoro.com\/en\/wp-json\/wp\/v2\/media\/7252"}],"wp:attachment":[{"href":"https:\/\/gastoro.com\/en\/wp-json\/wp\/v2\/media?parent=7979"}],"wp:term":[{"taxonomy":"product_brand","embeddable":true,"href":"https:\/\/gastoro.com\/en\/wp-json\/wp\/v2\/product_brand?post=7979"},{"taxonomy":"product_cat","embeddable":true,"href":"https:\/\/gastoro.com\/en\/wp-json\/wp\/v2\/product_cat?post=7979"},{"taxonomy":"product_tag","embeddable":true,"href":"https:\/\/gastoro.com\/en\/wp-json\/wp\/v2\/product_tag?post=7979"}],"curies":[{"name":"wp","href":"https:\/\/api.w.org\/{rel}","templated":true}]}}