{"id":8015,"date":"2026-05-06T11:49:41","date_gmt":"2026-05-06T09:49:41","guid":{"rendered":"https:\/\/gastoro.com\/produkt\/undercounter-wine-refrigerator-winecave-700-60s-anthracite-black\/"},"modified":"2026-05-06T11:49:41","modified_gmt":"2026-05-06T09:49:41","slug":"undercounter-wine-refrigerator-winecave-700-60s-anthracite-black","status":"publish","type":"product","link":"https:\/\/gastoro.com\/en\/produkt\/undercounter-wine-refrigerator-winecave-700-60s-anthracite-black\/","title":{"rendered":"Undercounter wine refrigerator &#8211; WineCave 700 60S Anthracite Black"},"content":{"rendered":"<div class=\"dieweinlageristen-at lorem-ipsum-cms title-text-container-title product-brand-container-text row\">\n<div class=\"col\">\n<h3>Brand: mQuv\u00e9e<\/h3>\n<\/div>\n<\/div>\n<div class=\"dieweinlageristen-at lorem-ipsum-cms title-text-container-text product-brand-container-text row\">\n<div class=\"col\">The European brand mQuv\u00e9e has specialized in wine and its storage for many years. For mQuv\u00e9e, it is incredibly important that wines receive the storage conditions they deserve once they leave the winery. The wine fridges are therefore designed to maintain optimal storage conditions for your wines. mQuv\u00e9e&#8217;s wine fridges and wine storage cabinets are all equipped with a glass door with UV protection, compressor cooling and wooden shelves so that the bottles are stable and do not vibrate. A good wine deserves to be stored in a wine refrigerator from mQuv\u00e9e.    <\/div>\n<\/div>\n<p>Built-in wine refrigerator from mQuv\u00e9e with both a presentation shelf and a display shelf that allows you to place your best wines at the front, both upright and tilted, with the labels visible. The most stylish way to cool and store your bottles! <\/p>\n<p>The wine refrigerator is equipped with an interverter compressor, which ensures both a low noise level and low energy consumption. With a unique door height of 700 mm, this built-in wine cooler is ideal for low kitchens. The wine cooler has a temperature zone that can be set between 5 and 20 \u00b0C and offers space for up to 43 bottles.  <\/p>\n<p><b>Get up to 5 years guarantee when you choose a wine fridge or wine cabinet from mQuv\u00e9e!<\/b><br \/>\nmQuv\u00e9e is proud of its carefully developed range and always strives to offer durable and reliable products. The high-quality wine refrigerators from mQuv\u00e9e come with up to 5 years warranty*. You can find more information about the warranty conditions in the <u>documents tab<\/u>.  <\/p>\n<p><strong>Match the details to your kitchen!<\/strong><\/p>\n<p>The wine refrigerator comes from the European brand mQuv\u00e9e, which specializes in tailor-made solutions for its customers. Most of mQuv\u00e9e&#8217;s undercounter wine fridges can be customized to perfectly match the design and dimensions of your own kitchen. <\/p>\n<ul>\n<li>Removable plinth. For a uniform look, you can place your own kitchen plinth in front of the wine fridge. <\/li>\n<li>Interchangeable handle. The handle has a hole spacing of 320 mm (European standard) and can be easily replaced with a handle of your choice. <\/li>\n<li>Interchangeable door hinges. Choose yourself whether the door hinge should be on the right or left. <\/li>\n<\/ul>\n<p>&nbsp;<\/p>\n<p><strong>Further advantages<\/strong><\/p>\n<ul>\n<li>Details can be customized according to your own wishes<\/li>\n<li>Inverter compressor<\/li>\n<li>Low noise level of only 36 dB<\/li>\n<li>UV-protected glass door against harmful light<\/li>\n<li>Low-vibration wooden shelves for quiet storage and refinement of your wine collection<\/li>\n<li>Carbon filter that keeps the air fresh and clean<\/li>\n<\/ul>\n<p>\u200b\u200b<\/p>\n<p><strong>Choose the right setting<\/strong><\/p>\n<ul>\n<li><strong>SILENT mode:<\/strong> The standard SILENT setting of the wine refrigerator ensures minimized energy consumption and lower noise levels.<\/li>\n<li><strong>DYNACLIMA mode:<\/strong> This optional setting optimizes the performance of the wine refrigerator for both humidity and temperature distribution. This gives you the ideal conditions to store your wines for a longer period of time, similar to a wine climate cabinet. <\/li>\n<\/ul>\n<table class=\"dieweinlageristen-at lorem-ipsum-cms grouped-list px-1 table table-sm table-borderless table-hover\">\n<tbody>\n<tr class=\"dieweinlageristen-at lorem-ipsum-cms grouped-list-item\">\n<td>Hole spacing (mm)<\/td>\n<td>320<\/td>\n<\/tr>\n<tr class=\"dieweinlageristen-at lorem-ipsum-cms grouped-list-item\">\n<td>Push Pull<\/td>\n<td><\/td>\n<\/tr>\n<tr class=\"dieweinlageristen-at lorem-ipsum-cms grouped-list-item\">\n<td>Product type<\/td>\n<td>Built-in wine refrigerator<\/td>\n<\/tr>\n<tr class=\"dieweinlageristen-at lorem-ipsum-cms grouped-list-item\">\n<td>Color<\/td>\n<td>black<\/td>\n<\/tr>\n<tr class=\"dieweinlageristen-at lorem-ipsum-cms grouped-list-item\">\n<td>Shelves<\/td>\n<td>Wood<\/td>\n<\/tr>\n<tr class=\"dieweinlageristen-at lorem-ipsum-cms grouped-list-item\">\n<td>Number of shelves<\/td>\n<td>4<\/td>\n<\/tr>\n<tr class=\"dieweinlageristen-at lorem-ipsum-cms grouped-list-item\">\n<td>Suspension shelves<\/td>\n<td>extendable<\/td>\n<\/tr>\n<tr class=\"dieweinlageristen-at lorem-ipsum-cms grouped-list-item\">\n<td>Carbon filter<\/td>\n<td><\/td>\n<\/tr>\n<tr class=\"dieweinlageristen-at lorem-ipsum-cms grouped-list-item\">\n<td>Display color<\/td>\n<td>White<\/td>\n<\/tr>\n<tr class=\"dieweinlageristen-at lorem-ipsum-cms grouped-list-item\">\n<td>Interior lighting<\/td>\n<td>White<\/td>\n<\/tr>\n<tr class=\"dieweinlageristen-at lorem-ipsum-cms grouped-list-item\">\n<td>Carpet pad<\/td>\n<td>Adjustable feet<\/td>\n<\/tr>\n<tr class=\"dieweinlageristen-at lorem-ipsum-cms grouped-list-item\">\n<td>Adjustment height of the feet (cm)<\/td>\n<td>7<\/td>\n<\/tr>\n<tr class=\"dieweinlageristen-at lorem-ipsum-cms grouped-list-item\">\n<td>Door design<\/td>\n<td>seamless<\/td>\n<\/tr>\n<tr class=\"dieweinlageristen-at lorem-ipsum-cms grouped-list-item\">\n<td>Cooling system<\/td>\n<td>Compressor<\/td>\n<\/tr>\n<tr class=\"dieweinlageristen-at lorem-ipsum-cms grouped-list-item\">\n<td>Winter safety system<\/td>\n<td><\/td>\n<\/tr>\n<tr class=\"dieweinlageristen-at lorem-ipsum-cms grouped-list-item\">\n<td>Temperature zones<\/td>\n<td>1<\/td>\n<\/tr>\n<tr class=\"dieweinlageristen-at lorem-ipsum-cms grouped-list-item\">\n<td>Minimum temperature<\/td>\n<td>5<\/td>\n<\/tr>\n<tr class=\"dieweinlageristen-at lorem-ipsum-cms grouped-list-item\">\n<td>Maximum temperature<\/td>\n<td>20<\/td>\n<\/tr>\n<tr class=\"dieweinlageristen-at lorem-ipsum-cms grouped-list-item\">\n<td>Temperature alarm<\/td>\n<td><\/td>\n<\/tr>\n<tr class=\"dieweinlageristen-at lorem-ipsum-cms grouped-list-item\">\n<td>Noise level (dB)<\/td>\n<td>36<\/td>\n<\/tr>\n<tr class=\"dieweinlageristen-at lorem-ipsum-cms grouped-list-item\">\n<td>Climate class<\/td>\n<td>ST<\/td>\n<\/tr>\n<tr class=\"dieweinlageristen-at lorem-ipsum-cms grouped-list-item\">\n<td>Door with UV protection<\/td>\n<td><\/td>\n<\/tr>\n<tr class=\"dieweinlageristen-at lorem-ipsum-cms grouped-list-item\">\n<td>Number of Bordeaux bottles<\/td>\n<td>43<\/td>\n<\/tr>\n<tr class=\"dieweinlageristen-at lorem-ipsum-cms grouped-list-item\">\n<td>Door hinge changeable<\/td>\n<td><\/td>\n<\/tr>\n<tr class=\"dieweinlageristen-at lorem-ipsum-cms grouped-list-item\">\n<td>Door type<\/td>\n<td>Glass door<\/td>\n<\/tr>\n<tr class=\"dieweinlageristen-at lorem-ipsum-cms grouped-list-item\">\n<td>Door height<\/td>\n<td>700<\/td>\n<\/tr>\n<tr class=\"dieweinlageristen-at lorem-ipsum-cms grouped-list-item\">\n<td>Castle<\/td>\n<td><\/td>\n<\/tr>\n<tr class=\"dieweinlageristen-at lorem-ipsum-cms grouped-list-item\">\n<td>Electronic display<\/td>\n<td><\/td>\n<\/tr>\n<tr class=\"dieweinlageristen-at lorem-ipsum-cms grouped-list-item\">\n<td>Brand<\/td>\n<td><a class=\"dieweinlageristen-at lorem-ipsum-cms router-link px-0 d-inline\" title=\"mQuv\u00e9e\" href=\"https:\/\/www.dieweinlageristen.at\/product-brand\/mquvee\" aria-label=\"mQuv\u00e9e\">mQuv\u00e9e<\/a><\/td>\n<\/tr>\n<tr class=\"dieweinlageristen-at lorem-ipsum-cms grouped-list-item\">\n<td>Annual consumption (kWh)<\/td>\n<td>104<\/td>\n<\/tr>\n<tr class=\"dieweinlageristen-at lorem-ipsum-cms grouped-list-item\">\n<td>Power (W)<\/td>\n<td>100<\/td>\n<\/tr>\n<tr class=\"dieweinlageristen-at lorem-ipsum-cms grouped-list-item\">\n<td>Voltage (V)<\/td>\n<td>220-240<\/td>\n<\/tr>\n<tr class=\"dieweinlageristen-at lorem-ipsum-cms grouped-list-item\">\n<td>Energy efficiency class<\/td>\n<td>F<\/td>\n<\/tr>\n<tr class=\"dieweinlageristen-at lorem-ipsum-cms grouped-list-item\">\n<td>Gross weight (kg)<\/td>\n<td>48<\/td>\n<\/tr>\n<tr class=\"dieweinlageristen-at lorem-ipsum-cms grouped-list-item\">\n<td>Net weight (kg)<\/td>\n<td>44<\/td>\n<\/tr>\n<tr class=\"dieweinlageristen-at lorem-ipsum-cms grouped-list-item\">\n<td>Width (cm)<\/td>\n<td>59.5<\/td>\n<\/tr>\n<tr class=\"dieweinlageristen-at lorem-ipsum-cms grouped-list-item\">\n<td>Height (cm)<\/td>\n<td>82<\/td>\n<\/tr>\n<tr class=\"dieweinlageristen-at lorem-ipsum-cms grouped-list-item\">\n<td>Max. Height (cm)<\/td>\n<td>89<\/td>\n<\/tr>\n<tr class=\"dieweinlageristen-at lorem-ipsum-cms grouped-list-item\">\n<td>Depth (cm)<\/td>\n<td>55.5<\/td>\n<\/tr>\n<tr class=\"dieweinlageristen-at lorem-ipsum-cms grouped-list-item\">\n<td>Supplier information<\/td>\n<td>mQuv\u00e9e; Havsbadsv\u00e4gen 1, 262 63 \u00c4ngelholm, Sweden; info@mquvee.com<\/td>\n<\/tr>\n<tr class=\"dieweinlageristen-at lorem-ipsum-cms grouped-list-item\">\n<td>Item number<\/td>\n<td>WCS60ABPS-700<\/td>\n<\/tr>\n<\/tbody>\n<\/table>\n","protected":false},"excerpt":{"rendered":"<p>Undercounter wine refrigerator &#8211; WineCave 700 60S Anthracite Black.<\/p>\n","protected":false},"featured_media":7177,"comment_status":"open","ping_status":"closed","template":"","meta":[],"product_brand":[],"product_cat":[745,746,720],"product_tag":[],"class_list":{"0":"post-8015","1":"product","2":"type-product","3":"status-publish","4":"has-post-thumbnail","6":"product_cat-kitchen-appliances-machines","7":"product_cat-cooling-technology","8":"product_cat-kitchens-bar-equipment","10":"first","11":"instock","12":"taxable","13":"shipping-taxable","14":"purchasable","15":"product-type-simple"},"yoast_head":"<!-- This site is optimized with the Yoast SEO plugin v27.5 - https:\/\/yoast.com\/product\/yoast-seo-wordpress\/ -->\n<title>Undercounter wine refrigerator - WineCave 700 60S Anthracite Black - GASTORO - Gastronomie Online Marktplatz<\/title>\n<meta name=\"robots\" content=\"index, follow, max-snippet:-1, max-image-preview:large, max-video-preview:-1\" \/>\n<link rel=\"canonical\" href=\"https:\/\/gastoro.com\/en\/produkt\/undercounter-wine-refrigerator-winecave-700-60s-anthracite-black\/\" \/>\n<meta property=\"og:locale\" content=\"en_US\" \/>\n<meta property=\"og:type\" content=\"article\" \/>\n<meta property=\"og:title\" content=\"Undercounter wine refrigerator - WineCave 700 60S Anthracite Black - GASTORO - Gastronomie Online Marktplatz\" \/>\n<meta property=\"og:description\" content=\"Undercounter wine refrigerator - WineCave 700 60S Anthracite Black.\" \/>\n<meta property=\"og:url\" content=\"https:\/\/gastoro.com\/en\/produkt\/undercounter-wine-refrigerator-winecave-700-60s-anthracite-black\/\" \/>\n<meta property=\"og:site_name\" content=\"GASTORO - Gastronomie Online Marktplatz\" \/>\n<meta property=\"og:image\" content=\"https:\/\/gastoro.com\/wp-content\/uploads\/2026\/05\/cropped-unterbau-weinkuhlschrank-winecave-700-60s-anthracite-black.png\" \/>\n\t<meta property=\"og:image:width\" content=\"625\" \/>\n\t<meta property=\"og:image:height\" content=\"718\" \/>\n\t<meta property=\"og:image:type\" content=\"image\/png\" \/>\n<meta name=\"twitter:card\" content=\"summary_large_image\" \/>\n<meta name=\"twitter:label1\" content=\"Est. reading time\" \/>\n\t<meta name=\"twitter:data1\" content=\"3 minutes\" \/>\n<script type=\"application\/ld+json\" class=\"yoast-schema-graph\">{\"@context\":\"https:\\\/\\\/schema.org\",\"@graph\":[{\"@type\":\"WebPage\",\"@id\":\"https:\\\/\\\/gastoro.com\\\/en\\\/produkt\\\/undercounter-wine-refrigerator-winecave-700-60s-anthracite-black\\\/\",\"url\":\"https:\\\/\\\/gastoro.com\\\/en\\\/produkt\\\/undercounter-wine-refrigerator-winecave-700-60s-anthracite-black\\\/\",\"name\":\"Undercounter wine refrigerator - WineCave 700 60S Anthracite Black - GASTORO - Gastronomie Online Marktplatz\",\"isPartOf\":{\"@id\":\"https:\\\/\\\/gastoro.com\\\/en\\\/#website\"},\"primaryImageOfPage\":{\"@id\":\"https:\\\/\\\/gastoro.com\\\/en\\\/produkt\\\/undercounter-wine-refrigerator-winecave-700-60s-anthracite-black\\\/#primaryimage\"},\"image\":{\"@id\":\"https:\\\/\\\/gastoro.com\\\/en\\\/produkt\\\/undercounter-wine-refrigerator-winecave-700-60s-anthracite-black\\\/#primaryimage\"},\"thumbnailUrl\":\"https:\\\/\\\/gastoro.com\\\/wp-content\\\/uploads\\\/2026\\\/05\\\/cropped-unterbau-weinkuhlschrank-winecave-700-60s-anthracite-black.png\",\"datePublished\":\"2026-05-06T09:49:41+00:00\",\"breadcrumb\":{\"@id\":\"https:\\\/\\\/gastoro.com\\\/en\\\/produkt\\\/undercounter-wine-refrigerator-winecave-700-60s-anthracite-black\\\/#breadcrumb\"},\"inLanguage\":\"en-US\",\"potentialAction\":[{\"@type\":\"ReadAction\",\"target\":[\"https:\\\/\\\/gastoro.com\\\/en\\\/produkt\\\/undercounter-wine-refrigerator-winecave-700-60s-anthracite-black\\\/\"]}]},{\"@type\":\"ImageObject\",\"inLanguage\":\"en-US\",\"@id\":\"https:\\\/\\\/gastoro.com\\\/en\\\/produkt\\\/undercounter-wine-refrigerator-winecave-700-60s-anthracite-black\\\/#primaryimage\",\"url\":\"https:\\\/\\\/gastoro.com\\\/wp-content\\\/uploads\\\/2026\\\/05\\\/cropped-unterbau-weinkuhlschrank-winecave-700-60s-anthracite-black.png\",\"contentUrl\":\"https:\\\/\\\/gastoro.com\\\/wp-content\\\/uploads\\\/2026\\\/05\\\/cropped-unterbau-weinkuhlschrank-winecave-700-60s-anthracite-black.png\",\"width\":625,\"height\":718},{\"@type\":\"BreadcrumbList\",\"@id\":\"https:\\\/\\\/gastoro.com\\\/en\\\/produkt\\\/undercounter-wine-refrigerator-winecave-700-60s-anthracite-black\\\/#breadcrumb\",\"itemListElement\":[{\"@type\":\"ListItem\",\"position\":1,\"name\":\"Startseite\",\"item\":\"https:\\\/\\\/gastoro.com\\\/en\\\/\"},{\"@type\":\"ListItem\",\"position\":2,\"name\":\"Shop\",\"item\":\"https:\\\/\\\/gastoro.com\\\/en\\\/shop\\\/\"},{\"@type\":\"ListItem\",\"position\":3,\"name\":\"Undercounter wine refrigerator - WineCave 700 60S Anthracite Black\"}]},{\"@type\":\"WebSite\",\"@id\":\"https:\\\/\\\/gastoro.com\\\/en\\\/#website\",\"url\":\"https:\\\/\\\/gastoro.com\\\/en\\\/\",\"name\":\"GASTORO - Gastronomie Online Marktplatz\",\"description\":\"\",\"publisher\":{\"@id\":\"https:\\\/\\\/gastoro.com\\\/en\\\/#organization\"},\"potentialAction\":[{\"@type\":\"SearchAction\",\"target\":{\"@type\":\"EntryPoint\",\"urlTemplate\":\"https:\\\/\\\/gastoro.com\\\/en\\\/?s={search_term_string}\"},\"query-input\":{\"@type\":\"PropertyValueSpecification\",\"valueRequired\":true,\"valueName\":\"search_term_string\"}}],\"inLanguage\":\"en-US\"},{\"@type\":\"Organization\",\"@id\":\"https:\\\/\\\/gastoro.com\\\/en\\\/#organization\",\"name\":\"GASTORO - Gastronomie Online Marktplatz\",\"url\":\"https:\\\/\\\/gastoro.com\\\/en\\\/\",\"logo\":{\"@type\":\"ImageObject\",\"inLanguage\":\"en-US\",\"@id\":\"https:\\\/\\\/gastoro.com\\\/en\\\/#\\\/schema\\\/logo\\\/image\\\/\",\"url\":\"https:\\\/\\\/gastoro.com\\\/wp-content\\\/uploads\\\/2025\\\/10\\\/GASTOROclaim_4c.png\",\"contentUrl\":\"https:\\\/\\\/gastoro.com\\\/wp-content\\\/uploads\\\/2025\\\/10\\\/GASTOROclaim_4c.png\",\"width\":2362,\"height\":710,\"caption\":\"GASTORO - Gastronomie Online Marktplatz\"},\"image\":{\"@id\":\"https:\\\/\\\/gastoro.com\\\/en\\\/#\\\/schema\\\/logo\\\/image\\\/\"}}]}<\/script>\n<!-- \/ Yoast SEO plugin. -->","yoast_head_json":{"title":"Undercounter wine refrigerator - WineCave 700 60S Anthracite Black - GASTORO - Gastronomie Online Marktplatz","robots":{"index":"index","follow":"follow","max-snippet":"max-snippet:-1","max-image-preview":"max-image-preview:large","max-video-preview":"max-video-preview:-1"},"canonical":"https:\/\/gastoro.com\/en\/produkt\/undercounter-wine-refrigerator-winecave-700-60s-anthracite-black\/","og_locale":"en_US","og_type":"article","og_title":"Undercounter wine refrigerator - WineCave 700 60S Anthracite Black - GASTORO - Gastronomie Online Marktplatz","og_description":"Undercounter wine refrigerator - WineCave 700 60S Anthracite Black.","og_url":"https:\/\/gastoro.com\/en\/produkt\/undercounter-wine-refrigerator-winecave-700-60s-anthracite-black\/","og_site_name":"GASTORO - Gastronomie Online Marktplatz","og_image":[{"width":625,"height":718,"url":"https:\/\/gastoro.com\/wp-content\/uploads\/2026\/05\/cropped-unterbau-weinkuhlschrank-winecave-700-60s-anthracite-black.png","type":"image\/png"}],"twitter_card":"summary_large_image","twitter_misc":{"Est. reading time":"3 minutes"},"schema":{"@context":"https:\/\/schema.org","@graph":[{"@type":"WebPage","@id":"https:\/\/gastoro.com\/en\/produkt\/undercounter-wine-refrigerator-winecave-700-60s-anthracite-black\/","url":"https:\/\/gastoro.com\/en\/produkt\/undercounter-wine-refrigerator-winecave-700-60s-anthracite-black\/","name":"Undercounter wine refrigerator - WineCave 700 60S Anthracite Black - GASTORO - Gastronomie Online Marktplatz","isPartOf":{"@id":"https:\/\/gastoro.com\/en\/#website"},"primaryImageOfPage":{"@id":"https:\/\/gastoro.com\/en\/produkt\/undercounter-wine-refrigerator-winecave-700-60s-anthracite-black\/#primaryimage"},"image":{"@id":"https:\/\/gastoro.com\/en\/produkt\/undercounter-wine-refrigerator-winecave-700-60s-anthracite-black\/#primaryimage"},"thumbnailUrl":"https:\/\/gastoro.com\/wp-content\/uploads\/2026\/05\/cropped-unterbau-weinkuhlschrank-winecave-700-60s-anthracite-black.png","datePublished":"2026-05-06T09:49:41+00:00","breadcrumb":{"@id":"https:\/\/gastoro.com\/en\/produkt\/undercounter-wine-refrigerator-winecave-700-60s-anthracite-black\/#breadcrumb"},"inLanguage":"en-US","potentialAction":[{"@type":"ReadAction","target":["https:\/\/gastoro.com\/en\/produkt\/undercounter-wine-refrigerator-winecave-700-60s-anthracite-black\/"]}]},{"@type":"ImageObject","inLanguage":"en-US","@id":"https:\/\/gastoro.com\/en\/produkt\/undercounter-wine-refrigerator-winecave-700-60s-anthracite-black\/#primaryimage","url":"https:\/\/gastoro.com\/wp-content\/uploads\/2026\/05\/cropped-unterbau-weinkuhlschrank-winecave-700-60s-anthracite-black.png","contentUrl":"https:\/\/gastoro.com\/wp-content\/uploads\/2026\/05\/cropped-unterbau-weinkuhlschrank-winecave-700-60s-anthracite-black.png","width":625,"height":718},{"@type":"BreadcrumbList","@id":"https:\/\/gastoro.com\/en\/produkt\/undercounter-wine-refrigerator-winecave-700-60s-anthracite-black\/#breadcrumb","itemListElement":[{"@type":"ListItem","position":1,"name":"Startseite","item":"https:\/\/gastoro.com\/en\/"},{"@type":"ListItem","position":2,"name":"Shop","item":"https:\/\/gastoro.com\/en\/shop\/"},{"@type":"ListItem","position":3,"name":"Undercounter wine refrigerator - WineCave 700 60S Anthracite Black"}]},{"@type":"WebSite","@id":"https:\/\/gastoro.com\/en\/#website","url":"https:\/\/gastoro.com\/en\/","name":"GASTORO - Gastronomie Online Marktplatz","description":"","publisher":{"@id":"https:\/\/gastoro.com\/en\/#organization"},"potentialAction":[{"@type":"SearchAction","target":{"@type":"EntryPoint","urlTemplate":"https:\/\/gastoro.com\/en\/?s={search_term_string}"},"query-input":{"@type":"PropertyValueSpecification","valueRequired":true,"valueName":"search_term_string"}}],"inLanguage":"en-US"},{"@type":"Organization","@id":"https:\/\/gastoro.com\/en\/#organization","name":"GASTORO - Gastronomie Online Marktplatz","url":"https:\/\/gastoro.com\/en\/","logo":{"@type":"ImageObject","inLanguage":"en-US","@id":"https:\/\/gastoro.com\/en\/#\/schema\/logo\/image\/","url":"https:\/\/gastoro.com\/wp-content\/uploads\/2025\/10\/GASTOROclaim_4c.png","contentUrl":"https:\/\/gastoro.com\/wp-content\/uploads\/2025\/10\/GASTOROclaim_4c.png","width":2362,"height":710,"caption":"GASTORO - Gastronomie Online Marktplatz"},"image":{"@id":"https:\/\/gastoro.com\/en\/#\/schema\/logo\/image\/"}}]}},"_links":{"self":[{"href":"https:\/\/gastoro.com\/en\/wp-json\/wp\/v2\/product\/8015","targetHints":{"allow":["GET"]}}],"collection":[{"href":"https:\/\/gastoro.com\/en\/wp-json\/wp\/v2\/product"}],"about":[{"href":"https:\/\/gastoro.com\/en\/wp-json\/wp\/v2\/types\/product"}],"replies":[{"embeddable":true,"href":"https:\/\/gastoro.com\/en\/wp-json\/wp\/v2\/comments?post=8015"}],"version-history":[{"count":0,"href":"https:\/\/gastoro.com\/en\/wp-json\/wp\/v2\/product\/8015\/revisions"}],"wp:featuredmedia":[{"embeddable":true,"href":"https:\/\/gastoro.com\/en\/wp-json\/wp\/v2\/media\/7177"}],"wp:attachment":[{"href":"https:\/\/gastoro.com\/en\/wp-json\/wp\/v2\/media?parent=8015"}],"wp:term":[{"taxonomy":"product_brand","embeddable":true,"href":"https:\/\/gastoro.com\/en\/wp-json\/wp\/v2\/product_brand?post=8015"},{"taxonomy":"product_cat","embeddable":true,"href":"https:\/\/gastoro.com\/en\/wp-json\/wp\/v2\/product_cat?post=8015"},{"taxonomy":"product_tag","embeddable":true,"href":"https:\/\/gastoro.com\/en\/wp-json\/wp\/v2\/product_tag?post=8015"}],"curies":[{"name":"wp","href":"https:\/\/api.w.org\/{rel}","templated":true}]}}